{"id":10,"date":"2017-05-29T10:02:43","date_gmt":"2017-05-29T10:02:43","guid":{"rendered":"http:\/\/rheinischerechtsgeschichte.de\/?page_id=10"},"modified":"2025-12-11T11:09:39","modified_gmt":"2025-12-11T11:09:39","slug":"vorstand","status":"publish","type":"page","link":"https:\/\/rheinischerechtsgeschichte.de\/?page_id=10","title":{"rendered":"Vorstand"},"content":{"rendered":"<p><strong>Prof. Dr. Hans-Peter Haferkamp<\/strong><br \/>\nUniversit\u00e4t zu K\u00f6ln (Vorsitzender)<\/p>\n<p><strong>Prof. Dr. Dieter Strauch<\/strong><br \/>\nUniversit\u00e4t zu K\u00f6ln (Ehrenvorsitzender)<\/p>\n<p><strong>Dr. Joachim Arntz<\/strong><br \/>\nPr\u00e4sident des Verwaltungsgerichts K\u00f6ln a. D. (stellvertretender Vorsitzender)<\/p>\n<p><strong>Roland Ketterle<\/strong><br \/>\nPr\u00e4sident des Landgerichts K\u00f6ln (stellvertretender Vorsitzender)<\/p>\n<p><strong>Dr. Georg Wochner<\/strong><br \/>\nNotar, K\u00f6ln (Schatzmeister)<\/p>\n<p><strong>Prof. Dr. Martin Avenarius<\/strong><br \/>\nUniversit\u00e4t zu K\u00f6ln<\/p>\n<p><strong>Johannes Riedel<br \/>\n<\/strong>Pr\u00e4sident des Oberlandesgerichts K\u00f6ln a.D.<strong><br \/>\n<\/strong><\/p>\n<p><strong>Dr. Bernd Scheiff<\/strong><br \/>\nPr\u00e4sident des Oberlandesgerichts K\u00f6ln<\/p>\n<p><strong>Prof. Dr. Mathias Schmoeckel<\/strong><br \/>\nRheinische Friedrich-Wilhelms-Universit\u00e4t Bonn<\/p>\n","protected":false},"excerpt":{"rendered":"<p>Prof. Dr. Hans-Peter Haferkamp Universit\u00e4t zu K\u00f6ln (Vorsitzender) Prof. Dr. Dieter Strauch Universit\u00e4t zu K\u00f6ln (Ehrenvorsitzender) Dr. Joachim Arntz Pr\u00e4sident des Verwaltungsgerichts K\u00f6ln a. D. (stellvertretender Vorsitzender) Roland Ketterle Pr\u00e4sident des Landgerichts K\u00f6ln (stellvertretender Vorsitzender) Dr. Georg Wochner Notar, K\u00f6ln (Schatzmeister) Prof. Dr. Martin Avenarius Universit\u00e4t zu K\u00f6ln Johannes Riedel Pr\u00e4sident des Oberlandesgerichts K\u00f6ln a.D. &hellip; <a href=\"https:\/\/rheinischerechtsgeschichte.de\/?page_id=10\" class=\"excerpt-link\">Weiterlesen<\/a><\/p>\n","protected":false},"author":1,"featured_media":0,"parent":0,"menu_order":0,"comment_status":"closed","ping_status":"closed","template":"","meta":[],"_links":{"self":[{"href":"https:\/\/rheinischerechtsgeschichte.de\/index.php?rest_route=\/wp\/v2\/pages\/10"}],"collection":[{"href":"https:\/\/rheinischerechtsgeschichte.de\/index.php?rest_route=\/wp\/v2\/pages"}],"about":[{"href":"https:\/\/rheinischerechtsgeschichte.de\/index.php?rest_route=\/wp\/v2\/types\/page"}],"author":[{"embeddable":true,"href":"https:\/\/rheinischerechtsgeschichte.de\/index.php?rest_route=\/wp\/v2\/users\/1"}],"replies":[{"embeddable":true,"href":"https:\/\/rheinischerechtsgeschichte.de\/index.php?rest_route=%2Fwp%2Fv2%2Fcomments&post=10"}],"version-history":[{"count":9,"href":"https:\/\/rheinischerechtsgeschichte.de\/index.php?rest_route=\/wp\/v2\/pages\/10\/revisions"}],"predecessor-version":[{"id":353,"href":"https:\/\/rheinischerechtsgeschichte.de\/index.php?rest_route=\/wp\/v2\/pages\/10\/revisions\/353"}],"wp:attachment":[{"href":"https:\/\/rheinischerechtsgeschichte.de\/index.php?rest_route=%2Fwp%2Fv2%2Fmedia&parent=10"}],"curies":[{"name":"wp","href":"https:\/\/api.w.org\/{rel}","templated":true}]}}