{"id":16,"date":"2017-05-29T10:04:29","date_gmt":"2017-05-29T10:04:29","guid":{"rendered":"http:\/\/rheinischerechtsgeschichte.de\/?page_id=16"},"modified":"2025-12-11T10:42:32","modified_gmt":"2025-12-11T10:42:32","slug":"beitrittsformular","status":"publish","type":"page","link":"https:\/\/rheinischerechtsgeschichte.de\/?page_id=16","title":{"rendered":"Beitrittsformular"},"content":{"rendered":"\n<p><a href=\"https:\/\/rheinischerechtsgeschichte.de\/wp-content\/uploads\/2025\/12\/2025-Beitrittserklaerung.pdf\" data-type=\"attachment\" data-id=\"349\">Hier<\/a>\u00a0finden Sie das <a href=\"https:\/\/rheinischerechtsgeschichte.de\/wp-content\/uploads\/2025\/12\/2025-Beitrittserklaerung.pdf\" data-type=\"attachment\" data-id=\"349\">Formular (bitte anklicken)<\/a> f\u00fcr den Beitritt zum Rheinischen Verein f\u00fcr Rechtsgeschichte e.V.<\/p>\n\n\n\n<p>Wenn Sie am Lastschriftverfahren teilnehmen wollen, um die Mitgliedsbeitr\u00e4ge zu begleichen, finden Sie hier das Fomular: <a href=\"https:\/\/rheinischerechtsgeschichte.de\/wp-content\/uploads\/2017\/05\/RV-sepa-kombi-mandat.pdf\">RV-sepa-kombi-mandat<\/a><\/p>\n\n\n\n<p>Die Satzung des Vereins k\u00f6nnen Sie sich unter <a href=\"https:\/\/rheinischerechtsgeschichte.de\/?attachment_id=205\">Rhein.Verein_Satzung.Jan.22<\/a> herunterladen.<\/p>\n\n\n\n<p><\/p>\n","protected":false},"excerpt":{"rendered":"<p>Hier\u00a0finden Sie das Formular (bitte anklicken) f\u00fcr den Beitritt zum Rheinischen Verein f\u00fcr Rechtsgeschichte e.V. Wenn Sie am Lastschriftverfahren teilnehmen wollen, um die Mitgliedsbeitr\u00e4ge zu begleichen, finden Sie hier das Fomular: RV-sepa-kombi-mandat Die Satzung des Vereins k\u00f6nnen Sie sich unter Rhein.Verein_Satzung.Jan.22 herunterladen.<\/p>\n","protected":false},"author":1,"featured_media":0,"parent":0,"menu_order":0,"comment_status":"closed","ping_status":"closed","template":"","meta":[],"_links":{"self":[{"href":"https:\/\/rheinischerechtsgeschichte.de\/index.php?rest_route=\/wp\/v2\/pages\/16"}],"collection":[{"href":"https:\/\/rheinischerechtsgeschichte.de\/index.php?rest_route=\/wp\/v2\/pages"}],"about":[{"href":"https:\/\/rheinischerechtsgeschichte.de\/index.php?rest_route=\/wp\/v2\/types\/page"}],"author":[{"embeddable":true,"href":"https:\/\/rheinischerechtsgeschichte.de\/index.php?rest_route=\/wp\/v2\/users\/1"}],"replies":[{"embeddable":true,"href":"https:\/\/rheinischerechtsgeschichte.de\/index.php?rest_route=%2Fwp%2Fv2%2Fcomments&post=16"}],"version-history":[{"count":17,"href":"https:\/\/rheinischerechtsgeschichte.de\/index.php?rest_route=\/wp\/v2\/pages\/16\/revisions"}],"predecessor-version":[{"id":350,"href":"https:\/\/rheinischerechtsgeschichte.de\/index.php?rest_route=\/wp\/v2\/pages\/16\/revisions\/350"}],"wp:attachment":[{"href":"https:\/\/rheinischerechtsgeschichte.de\/index.php?rest_route=%2Fwp%2Fv2%2Fmedia&parent=16"}],"curies":[{"name":"wp","href":"https:\/\/api.w.org\/{rel}","templated":true}]}}