{"id":18,"date":"2017-05-29T10:08:38","date_gmt":"2017-05-29T10:08:38","guid":{"rendered":"http:\/\/rheinischerechtsgeschichte.de\/?page_id=18"},"modified":"2021-09-20T10:07:19","modified_gmt":"2021-09-20T10:07:19","slug":"aufgaben","status":"publish","type":"page","link":"https:\/\/rheinischerechtsgeschichte.de\/","title":{"rendered":"Aufgaben"},"content":{"rendered":"<h3><strong>Aktuelles<\/strong><\/h3>\n<p>Liebe Mitglieder und Interessierte!<\/p>\n<p>Wir haben in den letzten Jahren (vor der Corona-Zeit) die Vortragsanzahl auf drei Vortr\u00e4ge pro Jahr erh\u00f6ht. Mindestens einer dieser Vortr\u00e4ge wird seit 2015 mit einem kleinen Buffet versehen, sodass danach Zeit f\u00fcr Gespr\u00e4che und ein besseres Kennenlernen bleibt. Veranstaltungsort hierf\u00fcr war in den letzten Jahren das LG Bonn. K\u00fcnftig werden wir wieder in K\u00f6ln beim OLG oder in der Universit\u00e4t zu K\u00f6ln zu Gast sein. Erstmals wurde 2018 eine \u00f6ffentliche wissenschaftliche Veranstaltung vom Verein getragen. Am 11.10.2018 wurde mit unserer Unterst\u00fctzung in einem Plenarsaal des OLG eine Veranstaltung zur Feier des 200. Gr\u00fcndungstages des OLG abgehalten, mit einem Schwerpunkt zum Rheinischen Recht in K\u00f6ln.<\/p>\n<hr \/>\n<p>Der Rheinische Verein f\u00fcr Rechtsgeschichte e.V. arbeitet eng mit der Universit\u00e4t zu K\u00f6ln und dort mit dem Institut f\u00fcr Neuere Privatrechtsgeschichte, Deutsche und Rheinische Rechtsgeschichte, dem Institut f\u00fcr Religionsrecht sowie dem Institut f\u00fcr R\u00f6misches Recht zusammen. Eine weitere enge Zusammenarbeit besteht mit dem Institut f\u00fcr Deutsche und Rheinische Rechtsgeschichte der Friedrich-Wilhelms-Universit\u00e4t Bonn. Der Verein f\u00fchlt sich besonders dem Vorbild der Professoren Viktor Achter, Carl Joseph Hering und Bernhard Rehfeldt verpflichtet. Ebenso setzt er die Tradition des Vereins f\u00fcr Rheinische Rechtsgeschichte e.V. und des K\u00f6lnischen Vereins f\u00fcr Deutsche Rechtsgeschichte e.V. fort.<br \/>\nImpulse und Mitarbeit verspricht sich der Verein durch die Einbeziehung von Pers\u00f6nlichkeiten der Rechtspflege, aus der Richterschaft, der Rechtsanwaltschaft, dem Notariat, der Staatsanwaltschaft sowie von geschichtlich Interessierten aus Wirtschaft und Verwaltung. Den Zugang zur regional- und ortsgeschichtlichen Forschung soll die Zusammenarbeit mit den Kulturdienststellen des Landschaftsverbandes Rheinland, insbesondere dem Rheinischen Archiv- und Museumsamt, sicherstellen. Der Verein gibt zwei eigene Schriftenreihen (Rechtsgeschichtliche Schriften im B\u00f6hlau-Verlag, K\u00f6lner Rechtsgeschichtliche Vortr\u00e4ge im wiss. Verlag Bachmann) heraus.<\/p>\n","protected":false},"excerpt":{"rendered":"<p>Aktuelles Liebe Mitglieder und Interessierte! Wir haben in den letzten Jahren (vor der Corona-Zeit) die Vortragsanzahl auf drei Vortr\u00e4ge pro Jahr erh\u00f6ht. Mindestens einer dieser Vortr\u00e4ge wird seit 2015 mit einem kleinen Buffet versehen, sodass danach Zeit f\u00fcr Gespr\u00e4che und ein besseres Kennenlernen bleibt. Veranstaltungsort hierf\u00fcr war in den letzten Jahren das LG Bonn. K\u00fcnftig &hellip; <a href=\"https:\/\/rheinischerechtsgeschichte.de\/\" class=\"excerpt-link\">Weiterlesen<\/a><\/p>\n","protected":false},"author":1,"featured_media":0,"parent":0,"menu_order":0,"comment_status":"closed","ping_status":"closed","template":"","meta":[],"_links":{"self":[{"href":"https:\/\/rheinischerechtsgeschichte.de\/index.php?rest_route=\/wp\/v2\/pages\/18"}],"collection":[{"href":"https:\/\/rheinischerechtsgeschichte.de\/index.php?rest_route=\/wp\/v2\/pages"}],"about":[{"href":"https:\/\/rheinischerechtsgeschichte.de\/index.php?rest_route=\/wp\/v2\/types\/page"}],"author":[{"embeddable":true,"href":"https:\/\/rheinischerechtsgeschichte.de\/index.php?rest_route=\/wp\/v2\/users\/1"}],"replies":[{"embeddable":true,"href":"https:\/\/rheinischerechtsgeschichte.de\/index.php?rest_route=%2Fwp%2Fv2%2Fcomments&post=18"}],"version-history":[{"count":15,"href":"https:\/\/rheinischerechtsgeschichte.de\/index.php?rest_route=\/wp\/v2\/pages\/18\/revisions"}],"predecessor-version":[{"id":244,"href":"https:\/\/rheinischerechtsgeschichte.de\/index.php?rest_route=\/wp\/v2\/pages\/18\/revisions\/244"}],"wp:attachment":[{"href":"https:\/\/rheinischerechtsgeschichte.de\/index.php?rest_route=%2Fwp%2Fv2%2Fmedia&parent=18"}],"curies":[{"name":"wp","href":"https:\/\/api.w.org\/{rel}","templated":true}]}}