{"id":2,"date":"2016-05-10T03:48:21","date_gmt":"2016-05-10T03:48:21","guid":{"rendered":"http:\/\/rheinischerechtsgeschichte.de\/?page_id=2"},"modified":"2024-08-23T08:33:59","modified_gmt":"2024-08-23T08:33:59","slug":"sample-page","status":"publish","type":"page","link":"https:\/\/rheinischerechtsgeschichte.de\/?page_id=2","title":{"rendered":"Publikationen"},"content":{"rendered":"<p>Um die Forschungsergebnisse der \u00d6ffentlichkeit zug\u00e4nglich zu machen, gibt der Rheinische Verein f\u00fcr Rechtsgeschichte e.V. seit 1992 die Reihe <strong>Rechtsgeschichtliche Schriften (RgS)<\/strong> im B\u00f6hlau Verlag, K\u00f6ln-Weimar-Wien heraus.<\/p>\n<p>Mitlieder des Vereins k\u00f6nnen die Reihe oder einzelne B\u00e4nde daraus zum erheblich erm\u00e4\u00dfigten Mitgliederpreis beziehen.<\/p>\n<p>In die Schriftenreihe k\u00f6nnen gleicherma\u00dfen monographische Darstellungen, Quelleneditionen und Aufsatzsammlungen aufgenommen werden. Bislang wurden Titel zu folgenden Themenkreisen herausgegeben:<\/p>\n<p>Die Ratsprotokolle der Stadt Kempen 1623-1636.<br \/>\nEinl. v. Dieter Strauch. Bearb. v. Johann J. Manten.<br \/>\n1992. LXXIX, 100 S., 2 Abb., Gb.<br \/>\n\u20ac 34, 50\/SFr 62,- (vergriffen)<br \/>\nISBN 978-3-412-05091-1<\/p>\n<p>Klaus Grossmann:<br \/>\nDie mittelalterliche Gerichtsverfassung und Verwaltungsorganisation in Kaiserswerth nach dem Stadtrecht aus dem 14. Jahrhundert.<br \/>\n1992. XXVII, 131 S., Gb.<br \/>\n\u20ac 29, 90\/SFr 52,50 (vergriffen)<br \/>\nISBN 978-3-412-01692-6<\/p>\n<p>Christian Sieg&#8217;l:<br \/>\nArbeitsk\u00e4mpfe seit dem Sp\u00e4tmittelalter.<br \/>\n1992. XXVII, 227 S., Gb.<br \/>\n\u20ac39,90\/SFr 71,- (vergriffen)<br \/>\nISBN 978-3-412-01792-2<\/p>\n<p>Josef M. Kames:<br \/>\nDas Elementarschulwesen in K\u00f6ln von 1815-1850.<br \/>\n1992. XXVI, 218 S., Gb.<br \/>\n\u20ac 37, 50\/SFr 67,- (vergriffen)<br \/>\nISBN 978-3-412-01892-9<\/p>\n<p>Marcel Erkens:<br \/>\nDie franz\u00f6sische Friedensgerichtsbarkeit in den Rheinlanden.<br \/>\n1994. XXVIII, 280 S., Gb.<br \/>\n\u20ac 34, 50\/SFr 62,- (vergriffen)<br \/>\nISBN 978-3-412-06294-4<\/p>\n<p>Claudia Albrecht:<br \/>\nBismarcks Eisenbahngesetzgebung.<br \/>\nEin Beitrag zur &#8222;inneren&#8220; Reichsgr\u00fcndung in den Jahren 1871-1879.<br \/>\n1994. L, 128 S., Gb.<br \/>\n\u20ac 29,90\/SFr 52,50 (vergriffen)<br \/>\nISBN 978-3-412-03094-5<\/p>\n<p>Recht im fr\u00fchmittelalterlichen Gallien.<br \/>\nSp\u00e4tantike Tradition und germanische Wertvorstellungen.<br \/>\nHrsg. von Harald Siems.<br \/>\n1995. IV, 147 S., Gb.<br \/>\n\u20ac 29,90 (vergriffen)<br \/>\nISBN 978-3-412-07794-5<\/p>\n<p>Herman Lohausen:<br \/>\nDie obersten Zivilgerichte im Gro\u00dfherzogtum und im Generalgouvernement Berg von 1812-1819.<br \/>\n1995. XXV, 216 S., 8 Abb., Gb.<br \/>\n\u20ac 43,-\/SFr 76,- (vergriffen)<br \/>\nISBN 978-3-412-05795-9<\/p>\n<p>Klaus Flink (Bearb.) unter Mitw. v. Bert Thissen:<br \/>\nDie klevischen Hofordnungen.<br \/>\n1997. XXXVI, 164 S. 1 Karte. 2 Faksimiles. Gb.<br \/>\n\u20ac 29,90\/SFr 52,50 (vergriffen)<br \/>\nISBN 978-3-412-17896-9<\/p>\n<p>Karin Hachenberg:<br \/>\nDie Entwicklung der Polizei in K\u00f6ln von 1794-1871.<br \/>\n1997. XXXVIII, 140 S., 6 s\/w Abb., Gb.<br \/>\n\u20ac 29,90\/SFr 52,50 (vergriffen)<br \/>\nISBN 978-3-412-03297-2<\/p>\n<p>Dieter Strauch:<br \/>\nKleine rechtsgeschichtliche Schriften.<br \/>\nAufs\u00e4tze 1965-1997. Aus Anlass seines 65. Geburtstages hrsg. von Manfred Baldus und Hanns Peter Neuheuser.<br \/>\n1998. XI, 445 S. 1 Titelportr\u00e4t, Gb.<br \/>\n\u20ac 50,-\/SFr 89,- (vergriffen)<br \/>\nISBN 978-3-412-06998-1<\/p>\n<p>Ulf Heppekausen:<br \/>\nDie K\u00f6lner Statuten von 1437.<br \/>\nUrsachen, Ausgestaltung, Wirkungen.<br \/>\n1999. XIX, 331 S., Gb.<br \/>\n\u20ac 39, 90\/SFr 71,-<br \/>\nISBN 978-3-412-13098-5<\/p>\n<p>Deutsche Juristen im Vorm\u00e4rz. Briefe von Savigny, Hugo, Thibaut und anderen an Egid von L\u00f6hr.<br \/>\nBearb. u. hrsg. von Dieter Strauch.<br \/>\n1999, LXXIII, 251 S., Gb.<br \/>\n\u20ac 43,-\/SFr 76,- (vergriffen)<br \/>\nISBN 978-3-412-04499-2<\/p>\n<p>Silke Klaes:<br \/>\nDie Post im Rheinland.<br \/>\nRecht und Verwaltung in der Franzosenzeit (1792-1815).<br \/>\n2001.XVIII, 328 S., Gb.<br \/>\n\u20ac 41,-\/SFr 72,50<br \/>\nISBN 978-3-412-15500-1<\/p>\n<p>Ingrid Sibylle Reuber:<br \/>\nDer K\u00f6lner Mordfall Fonk von 1816.<br \/>\nDas Schwurgericht und das k\u00f6nigliche Best\u00e4tigungsrecht auf dem Pr\u00fcfstand.<br \/>\n2002, XL, 171 S., 11 s\/w Abb., Gb.<br \/>\n\u20ac 24,90\/SFr 42,-<br \/>\nISBN 978-3-412-08702-9<\/p>\n<p>Nathalie Damesme:<br \/>\n\u00d6ffentliche Schulverwaltung in der Stadt K\u00f6ln von 1794-1814.<br \/>\n2003, XXIII, 243 S., Gb.<br \/>\n\u20ac 34, 90\/SFr 57,70<br \/>\nISBN 978-3-412-12602-5<\/p>\n<p>Verena Berchem:<br \/>\nDas Oberlandesgericht K\u00f6ln in der Weimarer Republik.<br \/>\n2004. XI, 395 S., 1 s\/w Abb., Gb.<br \/>\n\u20ac 44, 90\/ SFr 77,-<br \/>\nISBN 978-3-412-12203-4<\/p>\n<p>Die Juristen der Universit\u00e4t Bonn im &#8222;Dritten Reich&#8220;.<br \/>\nHrsg. von Mathias Schmoeckel.<br \/>\n2004. XX, 652 S., 19 s\/w Abb., Gb.<br \/>\n\u20ac 79, 90\/SFr 134,-<br \/>\nISBN 978-3-412-12903-3<\/p>\n<p>Heinrich Gottfried Wilhelm Daniels, Kurk\u00f6lnisches Landrecht.<br \/>\nEine Vorlesungsnachschrift.<br \/>\nHrsg. von Christoph Becker.<br \/>\n2005. LXVIII, 318 S., 8 s\/w Abb., Gb.<br \/>\n\u20ac 49,90<br \/>\nISBN 978-3-412-10705-5<\/p>\n<p>Carola Einhaus:<br \/>\nZwangssterilisation in Bonn (1934\u20131945).<br \/>\nDie medizinischen Sachverst\u00e4ndigen vor dem Erbgesundheitsgericht.<br \/>\n2006. XII, 194 S., Gb.<br \/>\n\u20ac 32,90<br \/>\nISBN 978-3-412-29005-4<\/p>\n<p>200 Jahre Code civil.<br \/>\nDie napoleonische Kodifikation in Deutschland und Europa.<br \/>\nHrsg. von Mathias Schmoeckel und Werner Schubert.<br \/>\n2005. X, 226 S., Gb.<br \/>\n\u20ac 34,90<br \/>\nISBN 3-412-35105-2<\/p>\n<p>Karl-Wilhelm Nellessen:<br \/>\nUmweltschutz als kommunale Aufgabe.<br \/>\nNaturschutz und. Landschaftspflege im Kreise Aachen 1816\u20132004.<br \/>\n2007, 280 S., 12 s\/w Karten, Gb.<br \/>\n\u20ac 34,90<br \/>\nISBN 978-3-412-15706-7<\/p>\n<p>Peter Krause:<br \/>\nRechtswissenschaften in Trier.<br \/>\nDie Geschichte der Juristischen Fakult\u00e4t von 1473 bis 1798.<br \/>\n2007, XXIV, 468 S., 11 s\/w Abb. auf 8 Taf., Gb.<br \/>\n\u20ac 54,90<br \/>\nISBN 978-3-412-23006-7<\/p>\n<p>Usus modernus pandectarum.<br \/>\nR\u00f6misches Recht, Deutsches Recht und Naturrecht in der Fr\u00fchen Neuzeit.<br \/>\nKlaus Luig zum 70. Geburtstag.<br \/>\nHrsg. von Hans-Peter Haferkamp und Tilman Repgen.<br \/>\n2007. VIII, 339 S., 17 s\/w Abb., Gb.<br \/>\n\u20ac 46,90<br \/>\nISBN 978-3-412-23606-9<\/p>\n<p>Dieter Strauch:<br \/>\nDer gro\u00dfe Schied von 1258.<br \/>\nErzbischof und B\u00fcrger im Kampf um die K\u00f6lner Stadtverfassung.<br \/>\n2008. XVIII, 303 S., 1 s\/w Abb., Gb.<br \/>\n\u20ac 39,90<br \/>\nISBN 978-3-412-20210-1<\/p>\n<p>Roland Schl\u00fcter:<br \/>\nCalvinismus am Mittelrhein.<br \/>\nReformierte Kirchenzucht in der Grafschaft Wied-Neuwied 1648-1806.<br \/>\n2010. XXXIII, 221 S., 3 s\/w Abb., Gb.<br \/>\n\u20ac 37,90<br \/>\nISBN 978-3-412-20607-9<\/p>\n<p>Christian-Henner Hentsch:<br \/>\nDie Bergischen Stahlgesetze (1847\/54). Der Beginn des modernen Markenschutzes.<br \/>\n2011. XXXVIII, 194 S., 2 s\/w Karten, Gb.<br \/>\n\u20ac 32,90<br \/>\nISBN 978-3-412-20736-6<\/p>\n<p>Hanns Peter Neuheuser:<br \/>\nPragmatische Quellen der kirchlichen Rechtsgeschichte.<br \/>\n2011. VIII, 398 S., 13 s\/w Abb., Gb.<br \/>\n\u20ac 49,90<br \/>\nISBN 978-3-412-20817-2<\/p>\n<p>Dieter Strauch:<br \/>\nSchriften zum Rheinischen Recht 1998-2008.<br \/>\nAus Anlass seines 80. Geburtstags hrsg. von Manfred Baldus, Hans-Peter Haferkamp und Hanns Peter Neuheuser.<br \/>\n2013. 299 S., Gb.<br \/>\n\u20ac 49,90<br \/>\nISBN 978-3-412-22229-1<\/p>\n<p>Florian Dressel:<br \/>\nNeue Strukturen f\u00fcr den Schutz Geistigen Eigentums im 19. Jahrhundert.<br \/>\nDer Beitrag Rudolf Klostermanns.<br \/>\n2014. XII, 217 S., Gb.<br \/>\n\u20ac 39,90<br \/>\nISBN 978-3-412-21115-8<\/p>\n<p>Pierre Friedrich:<br \/>\nBetrachtungen eines unpolitischen Bildprogramms. Die Darstellungen der Volksgesetzgebung Karls des Gro\u00dfen im Plenarsaal des Oberlandesgerichts D\u00fcsseldorf.<br \/>\n2015, 424 S.<br \/>\n\u20ac 69,90<br \/>\nISBN 978-3-412-22471-4<\/p>\n<p>Hans-Peter Haferkamp, Margarete Gr\u00e4fin von Schwerin:<br \/>\nDas Oberlandesgericht K\u00f6ln zwischen dem Rheinland, Frankreich und Preu\u00dfen.<br \/>\n2019, 254 S.<br \/>\n\u20ac 45,00<br \/>\nISBN 978-3-412-51313-9<\/p>\n<p>Dieter Strauch:<br \/>\nSchwedisches historisches Recht: Vier Einblicke ins Mittelalter und in die Fr\u00fche Neuzeit.<br \/>\n2022, 325 S.<br \/>\n\u20ac 70,00<br \/>\nISBN 978-3-412-52545-3<\/p>\n<p>Christian Wiefling:<br \/>\nDie preu\u00dfische Personalpolitik am Rheinischen Appellationsgerichtshof bis 1879 &#8211; Borussifizierung oder Rheinischer Sonderweg?<br \/>\n2022, 352 S.<br \/>\n\u20ac 70,00<br \/>\nISBN 978-3-412-52652-8<\/p>\n<p><strong>K\u00f6lner Rechtsgeschichtliche Vortr\u00e4ge<\/strong><br \/>\n<strong>im wiss. Verlag Bachmann, Badenweiler<\/strong><\/p>\n<p>Peter Landau<br \/>\nDie K\u00f6ner Kanonistik des 12. Jahrhunderts. Ein H\u00f6hepunkt der europ\u00e4ischen Rechtswissenschaft.<br \/>\nVortrag am 27. Mai 2008, 37 S., geh.<br \/>\n\u20ac 6,42<br \/>\nISBN 978-3-940523-00-6<\/p>\n","protected":false},"excerpt":{"rendered":"<p>Um die Forschungsergebnisse der \u00d6ffentlichkeit zug\u00e4nglich zu machen, gibt der Rheinische Verein f\u00fcr Rechtsgeschichte e.V. seit 1992 die Reihe Rechtsgeschichtliche Schriften (RgS) im B\u00f6hlau Verlag, K\u00f6ln-Weimar-Wien heraus. Mitlieder des Vereins k\u00f6nnen die Reihe oder einzelne B\u00e4nde daraus zum erheblich erm\u00e4\u00dfigten Mitgliederpreis beziehen. In die Schriftenreihe k\u00f6nnen gleicherma\u00dfen monographische Darstellungen, Quelleneditionen und Aufsatzsammlungen aufgenommen werden. Bislang &hellip; <a href=\"https:\/\/rheinischerechtsgeschichte.de\/?page_id=2\" class=\"excerpt-link\">Weiterlesen<\/a><\/p>\n","protected":false},"author":1,"featured_media":0,"parent":0,"menu_order":0,"comment_status":"closed","ping_status":"open","template":"","meta":[],"_links":{"self":[{"href":"https:\/\/rheinischerechtsgeschichte.de\/index.php?rest_route=\/wp\/v2\/pages\/2"}],"collection":[{"href":"https:\/\/rheinischerechtsgeschichte.de\/index.php?rest_route=\/wp\/v2\/pages"}],"about":[{"href":"https:\/\/rheinischerechtsgeschichte.de\/index.php?rest_route=\/wp\/v2\/types\/page"}],"author":[{"embeddable":true,"href":"https:\/\/rheinischerechtsgeschichte.de\/index.php?rest_route=\/wp\/v2\/users\/1"}],"replies":[{"embeddable":true,"href":"https:\/\/rheinischerechtsgeschichte.de\/index.php?rest_route=%2Fwp%2Fv2%2Fcomments&post=2"}],"version-history":[{"count":3,"href":"https:\/\/rheinischerechtsgeschichte.de\/index.php?rest_route=\/wp\/v2\/pages\/2\/revisions"}],"predecessor-version":[{"id":280,"href":"https:\/\/rheinischerechtsgeschichte.de\/index.php?rest_route=\/wp\/v2\/pages\/2\/revisions\/280"}],"wp:attachment":[{"href":"https:\/\/rheinischerechtsgeschichte.de\/index.php?rest_route=%2Fwp%2Fv2%2Fmedia&parent=2"}],"curies":[{"name":"wp","href":"https:\/\/api.w.org\/{rel}","templated":true}]}}